{"id":3647,"date":"2023-09-26T07:44:54","date_gmt":"2023-09-26T05:44:54","guid":{"rendered":"https:\/\/workerbase.com\/ueber-uns\/"},"modified":"2025-08-28T18:31:28","modified_gmt":"2025-08-28T16:31:28","slug":"about","status":"publish","type":"page","link":"https:\/\/workerbase.com\/de\/about\/","title":{"rendered":"\u00dcber uns"},"content":{"rendered":"\n    <style>\n        .acf-spacer--heading{\n          height:7rem;\n        }\n   <\/style>\n    \n\n<div class=\"acf-spacer has-bg-color has-dark-background-color  acf-spacer--heading\" ><\/div>\n\n\n\n\n<section class=\"acf-banner-content-image has-bg-color has-dark-background-color has-white-color js--banner-content-image acf-banner-content-image--fluid acf-banner-content-image--fluid-center\" >\n    <div class=\"acf-banner-content-image__overlay\">\n        <div class=\"container-standard\">\n            <div class=\"acf-banner-content-image__grid\">\n                                    <div class=\"acf-banner-content-image__col-img\">\n                        <div class=\"acf-banner-content-image__img acf-banner-content-image__img--desktop\">\n                            <img loading=\"lazy\" decoding=\"async\" width=\"535\" height=\"366\" src=\"https:\/\/workerbase.com\/wp-content\/uploads\/2023\/09\/black-workerbase-logo.svg\" class=\"attachment-full size-full\" alt=\"\" \/>                        <\/div>\n                    <\/div>\n                                <div class=\"acf-banner-content-image__col-content\">\n                                            <span class=\"acf-banner-content-image__label\">\n                            \u00dcber uns                            <div class=\"acf-banner-content-image__label-bg\"><\/div>\n                        <\/span>\n                                                                <h1 class=\"c-h1\">Wir existieren, weil es eine intelligentere Art zu produzieren gibt.<\/h1>\n                                                                <div class=\"c-paragraph\"><p>Angesichts der \u00f6kologischen und demografischen Herausforderungen, die vor uns liegen, sind wir auf der Mission, die Produktionsabl\u00e4ufe der gr\u00f6\u00dften Industrieunternehmen der Welt zukunftssicher zu machen. <\/p>\n<\/div>\n                        \n                        \n                                    <\/div>\n            <\/div>\n        <\/div>\n            <\/div>\n<\/section>\n\n\n\n<div class=\"acf-spacer has-bg-color has-dark-background-color h-[0px] tablet:h-[64px] desktop:h-[88px] acf-spacer--heading\" ><\/div>\n\n\n\n<section class=\"acf-case-study-text-list\" >\n    <div class=\"container-standard\">\n        <div class=\"acf-case-study-list__main\">\n                <div class=\"acf-case-study-list__items\">\n                                                                        <div class=\"acf-case-study-list__row\">\n                                <div class=\"acf-case-study-list__col\">\n                                    <h3 class=\"c-h3\">Unsere Vision &amp; Werte<\/h3>\n                                <\/div>\n                                <div class=\"acf-case-study-list__col\"><h5>In den letzten 100 Jahren haben Technologie und Digitalisierung unser Leben grundlegend verbessert und uns produktiver und vernetzter denn je gemacht. Wir bei Workerbase glauben, dass diese Fortschritte nun die Art und Weise, wie wir produzieren und fertigen, neu gestalten m\u00fcssen.<\/h5>\n<\/div>\n                            <\/div>\n                                                            <\/div>\n        <\/div>\n    <\/div>\n<\/section>\n\n\n\n<section class=\"acf-headline-description text-align-center white not-rounded black-bg\" >\n    <div class=\"acf-headline-description__info\">\n        <div class=\"container-standard\">\n            <div class=\"acf-headline-description__wrapper\">\n                                    <h2 class=\"c-h2\">\n                        Wir sind davon \u00fcberzeugt, dass die Digitalisierung die Mitarbeiter in der Produktion dazu bef\u00e4higen wird, die n\u00e4chste Welle des Erfolgs voranzutreiben.                    <\/h2>\n                                            <\/div>\n        <\/div>\n    <\/div>\n<\/section>\n\n\n<section class=\"acf-text-image-link has-bg-color has-white-background-color has-dark-color\" >\n    <div class=\"container-standard\">\n        <div class=\"acf-text-image-link__grid \">\n            <div class=\"acf-text-image-link__col-img\">\n                                    <div class=\"acf-text-image-link__img\">\n                        <img loading=\"lazy\" decoding=\"async\" width=\"535\" height=\"324\" src=\"https:\/\/workerbase.com\/wp-content\/uploads\/2024\/10\/Customer-Success-block-image.svg\" class=\"attachment-full size-full\" alt=\"\" \/>                    <\/div>\n                            <\/div>\n            <div class=\"acf-text-image-link__col-content\">\n                                    <h2 class=\"c-h3\">Kundenerfolg<\/h2>\n                                                    <div class=\"c-paragraph\"><p>Einer unserer wichtigsten Werte ist es, unseren Kunden zu helfen, ihre strategischen Ziele zu erreichen und mit unserer Plattform einen erheblichen Mehrwert zu schaffen.<br \/>\nAls bew\u00e4hrte Partner begleiten wir unsere Kunden von der ersten Kontaktaufnahme \u00fcber die Identifizierung und Implementierung bis hin zur Expansion und stellen sicher, dass sie in jeder Phase des Customer Value Lifecycle einen maximalen Mehrwert erzielen.<\/p>\n<\/div>\n                                                    <a href=\"\/de\/produktionsberatung\/\" class=\"c-button c-button--has-icon \"\n                       target=\"\">\n                        <span class=\"c-button__title\">Mehr erfahren<\/span>\n                        \n     <svg class=\"c-icon c-icon-circle-arrow-right \" role=\"img\" >\n            <use xlink:href=\"https:\/\/workerbase.com\/wp-content\/themes\/workerbase\/dist\/img\/sprites.svg?v=1758286198#circle-arrow-right\"><\/use>\n        <\/svg>                    <\/a>\n                            <\/div>\n        <\/div>\n    <\/div>\n<\/section>\n\n\n<section class=\"acf-text-image-link has-bg-color has-light-gray-background-color has-dark-color\" >\n    <div class=\"container-standard\">\n        <div class=\"acf-text-image-link__grid acf-text-image-link__grid--reversed\">\n            <div class=\"acf-text-image-link__col-img\">\n                                    <div class=\"acf-text-image-link__img\">\n                        <img loading=\"lazy\" decoding=\"async\" width=\"535\" height=\"324\" src=\"https:\/\/workerbase.com\/wp-content\/uploads\/2024\/10\/feedback-from-staff.jpg\" class=\"attachment-full size-full\" alt=\"\" srcset=\"https:\/\/workerbase.com\/wp-content\/uploads\/2024\/10\/feedback-from-staff.jpg 535w, https:\/\/workerbase.com\/wp-content\/uploads\/2024\/10\/feedback-from-staff-300x182.jpg 300w\" sizes=\"auto, (max-width: 535px) 100vw, 535px\" \/>                    <\/div>\n                            <\/div>\n            <div class=\"acf-text-image-link__col-content\">\n                                    <h2 class=\"c-h3\">Eigenverantwortung und Kommunikation<\/h2>\n                                                    <div class=\"c-paragraph\"><p>Bei Workerbase haben wir ein klares Commitment zu einer offenen und verantwortungsvollen Kommunikation, die das Vertrauen, die Effizienz und die st\u00e4ndige Weiterentwicklung mit unseren Partnern f\u00f6rdert.<\/p>\n<p>Der Erfolg von Workerbase und der unserer Partner ist aufgrund der Art unseres Produkts eng miteinander verkn\u00fcpft. Daher sind wir uns stets bewusst, dass wir die volle Verantwortung f\u00fcr unsere Ergebnisse \u00fcbernehmen und f\u00fcr unsere Arbeit verantwortlich sind.<\/p>\n<\/div>\n                                                    <a href=\"\/de\/erfolgsgeschichten\/\" class=\"c-button c-button--has-icon \"\n                       target=\"\">\n                        <span class=\"c-button__title\">Unsere Erfolgsgeschichten<\/span>\n                        \n     <svg class=\"c-icon c-icon-circle-arrow-right \" role=\"img\" >\n            <use xlink:href=\"https:\/\/workerbase.com\/wp-content\/themes\/workerbase\/dist\/img\/sprites.svg?v=1758286198#circle-arrow-right\"><\/use>\n        <\/svg>                    <\/a>\n                            <\/div>\n        <\/div>\n    <\/div>\n<\/section>\n\n\n<section class=\"acf-text-image-link has-bg-color has-white-background-color has-dark-color\" >\n    <div class=\"container-standard\">\n        <div class=\"acf-text-image-link__grid \">\n            <div class=\"acf-text-image-link__col-img\">\n                                    <div class=\"acf-text-image-link__img\">\n                        <img loading=\"lazy\" decoding=\"async\" width=\"535\" height=\"296\" src=\"https:\/\/workerbase.com\/wp-content\/uploads\/2024\/10\/Sustainability-.jpg\" class=\"attachment-full size-full\" alt=\"\" srcset=\"https:\/\/workerbase.com\/wp-content\/uploads\/2024\/10\/Sustainability-.jpg 535w, https:\/\/workerbase.com\/wp-content\/uploads\/2024\/10\/Sustainability--300x166.jpg 300w\" sizes=\"auto, (max-width: 535px) 100vw, 535px\" \/>                    <\/div>\n                            <\/div>\n            <div class=\"acf-text-image-link__col-content\">\n                                    <h2 class=\"c-h3\">Nachhaltigkeit<\/h2>\n                                                    <div class=\"c-paragraph\"><p>Wir konzentrieren uns darauf, sowohl unsere Kunden bei der Erreichung ihrer internen Nachhaltigkeitsziele zu unterst\u00fctzen als auch unsere eigenen zu erreichen:<\/p>\n<ul>\n<li>Wir minimieren aktiv unseren CO2-Fu\u00dfabdruck bei allen unseren t\u00e4glichen Gesch\u00e4ftsaktivit\u00e4ten.<\/li>\n<li>Wir bieten L\u00f6sungsmodule an, die unseren Kunden helfen, mit weniger mehr zu erreichen, Ausschuss zu reduzieren und ihre Nachhaltigkeitsziele zu erreichen.<\/li>\n<\/ul>\n<\/div>\n                                            <\/div>\n        <\/div>\n    <\/div>\n<\/section>\n\n\n<section class=\"acf-steps white with-corner\" >\n    <div class=\"container-standard\">\n        <div class=\"acf-steps__wrapper\">\n\n                            <h2 class=\"c-h2\">\n                    Das Gr\u00fcnderteam                <\/h2>\n                                        <p class=\"c-paragraph\">\n                    Unser Gr\u00fcnderteam verf\u00fcgt \u00fcber mehr als 30 Jahre Erfahrung in den Bereichen IT, Fertigung, Telekommunikation und Produktentwicklung.                <\/p>\n            \n                            <div class=\"acf-steps__list\">\n                                            <div class=\"acf-steps__item\">\n                            <div class=\"acf-steps__item-left\">\n                                                                    <h3 class=\"c-h4\">\n                                        Norman Hartmann                                    <\/h3>\n                                                                                                    <a href=\"https:\/\/www.linkedin.com\/in\/normanhartmann\/\" target=\"_blank\" class=\"acf-steps__linkedin-link\">\n                                        \n     <svg class=\"c-icon c-icon-linkedin-circle \" role=\"img\" >\n            <use xlink:href=\"https:\/\/workerbase.com\/wp-content\/themes\/workerbase\/dist\/img\/sprites.svg?v=1758286198#linkedin-circle\"><\/use>\n        <\/svg>                                        <span class=\"sr-only\"> Linkedin link<\/span>\n                                    <\/a>\n                                                            <\/div>\n\n                            <div class=\"acf-steps__item-right\">\n                                                                    <p class=\"c-h4\">\n                                        CEO                                    <\/p>\n                                \n                                                                    <p class=\"c-paragraph\">\n                                        Norman Hartmann hat einen breiten Hintergrund in Produktentwicklung und User Experience. Er setzt vision\u00e4re Ideen in greifbare Produkte um, die au\u00dfergew\u00f6hnlich einfach zu bedienen sind. Bevor er zu WORKERBASE kam, war Norman Hartmann Principal Expert f\u00fcr Mobile Computing bei der Siemens AG und Principal Innovation Manager bei Vodafone.                                    <\/p>\n                                \n                                                            <\/div>\n                        <\/div>\n                                            <div class=\"acf-steps__item\">\n                            <div class=\"acf-steps__item-left\">\n                                                                    <h3 class=\"c-h4\">\n                                        Thorsten Kr\u00fcger                                    <\/h3>\n                                                                                                    <a href=\"https:\/\/www.linkedin.com\/in\/thorsten-krueger-50847710\/\" target=\"_blank\" class=\"acf-steps__linkedin-link\">\n                                        \n     <svg class=\"c-icon c-icon-linkedin-circle \" role=\"img\" >\n            <use xlink:href=\"https:\/\/workerbase.com\/wp-content\/themes\/workerbase\/dist\/img\/sprites.svg?v=1758286198#linkedin-circle\"><\/use>\n        <\/svg>                                        <span class=\"sr-only\"> Linkedin link<\/span>\n                                    <\/a>\n                                                            <\/div>\n\n                            <div class=\"acf-steps__item-right\">\n                                                                    <p class=\"c-h4\">\n                                        CRO                                    <\/p>\n                                \n                                                                    <p class=\"c-paragraph\">\n                                        Thorsten bringt einen starken Sales und Business Development Hintergrund mit. Vor seiner T\u00e4tigkeit bei Workerbase war er Leiter der Forschungsgruppe Mobile Computing bei der Siemens AG.                                    <\/p>\n                                \n                                                            <\/div>\n                        <\/div>\n                                            <div class=\"acf-steps__item\">\n                            <div class=\"acf-steps__item-left\">\n                                                                    <h3 class=\"c-h4\">\n                                        Hamid Reza Monadjem                                    <\/h3>\n                                                                                                    <a href=\"https:\/\/www.linkedin.com\/in\/hamidrezamonadjem\/\" target=\"_blank\" class=\"acf-steps__linkedin-link\">\n                                        \n     <svg class=\"c-icon c-icon-linkedin-circle \" role=\"img\" >\n            <use xlink:href=\"https:\/\/workerbase.com\/wp-content\/themes\/workerbase\/dist\/img\/sprites.svg?v=1758286198#linkedin-circle\"><\/use>\n        <\/svg>                                        <span class=\"sr-only\"> Linkedin link<\/span>\n                                    <\/a>\n                                                            <\/div>\n\n                            <div class=\"acf-steps__item-right\">\n                                                                    <p class=\"c-h4\">\n                                        CTO                                    <\/p>\n                                \n                                                                    <p class=\"c-paragraph\">\n                                        Hamid hat eine ausgepr\u00e4gte unternehmerische Denkweise. Er kombiniert eine tiefe und breite technische Expertise im Bereich IoT und Big Data mit unternehmerischer Erfahrung als Gr\u00fcnder der HAREMO IT Solutions GmbH.                                    <\/p>\n                                \n                                                            <\/div>\n                        <\/div>\n                                    <\/div>\n            \n                    <\/div>\n    <\/div>\n<\/section>\n\n\n\n<div class=\"acf-spacer h-[64px] tablet:h-[88px] desktop:h-[96px] acf-spacer--heading\" ><\/div>\n\n\n\n\n<section class=\"acf-team-banner\" >\n    <div class=\"container-standard\">\n        \n        <div class=\"acf-team-banner__box\">\n            <div class=\"acf-team-banner__images acf-team-banner__images--top\">\n                                    <div class=\"acf-team-banner__img-box\">\n                        <div class=\"acf-team-banner__img\">\n                            <img loading=\"lazy\" decoding=\"async\" width=\"313\" height=\"177\" src=\"https:\/\/workerbase.com\/wp-content\/uploads\/2024\/10\/team-photo-1.png\" class=\"attachment-full size-full\" alt=\"\" srcset=\"https:\/\/workerbase.com\/wp-content\/uploads\/2024\/10\/team-photo-1.png 313w, https:\/\/workerbase.com\/wp-content\/uploads\/2024\/10\/team-photo-1-300x170.png 300w\" sizes=\"auto, (max-width: 313px) 100vw, 313px\" \/>                        <\/div>\n                    <\/div>\n                                                    <div class=\"acf-team-banner__img-box\">\n                        <div class=\"acf-team-banner__img\">\n                            <img loading=\"lazy\" decoding=\"async\" width=\"219\" height=\"237\" src=\"https:\/\/workerbase.com\/wp-content\/uploads\/2024\/10\/team-photo-2.png\" class=\"attachment-full size-full\" alt=\"\" \/>                        <\/div>\n                    <\/div>\n                            <\/div>\n            <div class=\"acf-team-banner__content\">\n                                    <h2 class=\"c-h2\">Hinter jedem erfolgreichen Unternehmen steht ein starkes Team<\/h2>\n                                                                    <a class=\"c-button c-button--has-icon c-button--pink\" href=\"https:\/\/jobs.ashbyhq.com\/workerbase\" target=\"_blank\">\n                        <span class=\"c-button__title\">Offene Stellen anzeigen<\/span>\n                        \n     <svg class=\"c-icon c-icon-circle-arrow-right \" role=\"img\" >\n            <use xlink:href=\"https:\/\/workerbase.com\/wp-content\/themes\/workerbase\/dist\/img\/sprites.svg?v=1758286198#circle-arrow-right\"><\/use>\n        <\/svg>                    <\/a>\n                            <\/div>\n            <div class=\"acf-team-banner__images acf-team-banner__images--bottom\">\n                                    <div class=\"acf-team-banner__img-box\">\n                        <div class=\"acf-team-banner__img\">\n                            <img loading=\"lazy\" decoding=\"async\" width=\"192\" height=\"257\" src=\"https:\/\/workerbase.com\/wp-content\/uploads\/2024\/10\/team-photo-3.png\" class=\"attachment-full size-full\" alt=\"\" \/>                        <\/div>\n                    <\/div>\n                                                    <div class=\"acf-team-banner__img-box\">\n                        <div class=\"acf-team-banner__img\">\n                            <img loading=\"lazy\" decoding=\"async\" width=\"343\" height=\"200\" src=\"https:\/\/workerbase.com\/wp-content\/uploads\/2024\/10\/team-photo-4.png\" class=\"attachment-full size-full\" alt=\"\" srcset=\"https:\/\/workerbase.com\/wp-content\/uploads\/2024\/10\/team-photo-4.png 343w, https:\/\/workerbase.com\/wp-content\/uploads\/2024\/10\/team-photo-4-300x175.png 300w\" sizes=\"auto, (max-width: 343px) 100vw, 343px\" \/>                        <\/div>\n                    <\/div>\n                            <\/div>\n        <\/div>\n\n    <\/div>\n<\/section>\n","protected":false},"excerpt":{"rendered":"","protected":false},"author":6,"featured_media":0,"parent":0,"menu_order":1,"comment_status":"closed","ping_status":"closed","template":"templates\/template-blocks.php","meta":{"_acf_changed":false,"content-type":"","footnotes":""},"page_categories":[],"class_list":["post-3647","page","type-page","status-publish","hentry"],"acf":[],"yoast_head":"<title>Vision &amp; Werte Workerbase<\/title>\n<meta name=\"description\" content=\"Wir sind Workerbase: Unsere Connected Worker Plattform f\u00fcr die Fertigung definiert Agilit\u00e4t und Effizienz in Fabriken neu\" \/>\n<meta name=\"robots\" content=\"index, follow, max-snippet:-1, max-image-preview:large, max-video-preview:-1\" \/>\n<link rel=\"canonical\" href=\"https:\/\/workerbase.com\/de\/about\/\" \/>\n<meta property=\"og:locale\" content=\"de_DE\" \/>\n<meta property=\"og:type\" content=\"article\" \/>\n<meta property=\"og:title\" content=\"\u00dcber uns\" \/>\n<meta property=\"og:description\" content=\"Wir sind Workerbase: Unsere Connected Worker Plattform f\u00fcr die Fertigung definiert Agilit\u00e4t und Effizienz in Fabriken neu\" \/>\n<meta property=\"og:url\" content=\"https:\/\/workerbase.com\/de\/about\/\" \/>\n<meta property=\"og:site_name\" content=\"Workerbase\" \/>\n<meta property=\"article:modified_time\" content=\"2025-08-28T16:31:28+00:00\" \/>\n<meta name=\"twitter:card\" content=\"summary_large_image\" \/>\n<script type=\"application\/ld+json\" class=\"yoast-schema-graph\">{\"@context\":\"https:\/\/schema.org\",\"@graph\":[{\"@type\":\"WebPage\",\"@id\":\"https:\/\/workerbase.com\/de\/about\/\",\"url\":\"https:\/\/workerbase.com\/de\/about\/\",\"name\":\"Vision & Werte Workerbase\",\"isPartOf\":{\"@id\":\"https:\/\/workerbase.com\/de\/#website\"},\"datePublished\":\"2023-09-26T05:44:54+00:00\",\"dateModified\":\"2025-08-28T16:31:28+00:00\",\"description\":\"Wir sind Workerbase: Unsere Connected Worker Plattform f\u00fcr die Fertigung definiert Agilit\u00e4t und Effizienz in Fabriken neu\",\"breadcrumb\":{\"@id\":\"https:\/\/workerbase.com\/de\/about\/#breadcrumb\"},\"inLanguage\":\"de-DE\",\"potentialAction\":[{\"@type\":\"ReadAction\",\"target\":[\"https:\/\/workerbase.com\/de\/about\/\"]}]},{\"@type\":\"BreadcrumbList\",\"@id\":\"https:\/\/workerbase.com\/de\/about\/#breadcrumb\",\"itemListElement\":[{\"@type\":\"ListItem\",\"position\":1,\"name\":\"Home\",\"item\":\"https:\/\/workerbase.com\/de\/\"},{\"@type\":\"ListItem\",\"position\":2,\"name\":\"\u00dcber uns\"}]},{\"@type\":\"WebSite\",\"@id\":\"https:\/\/workerbase.com\/de\/#website\",\"url\":\"https:\/\/workerbase.com\/de\/\",\"name\":\"Workerbase\",\"description\":\"Make work flow\",\"publisher\":{\"@id\":\"https:\/\/workerbase.com\/de\/#organization\"},\"potentialAction\":[{\"@type\":\"SearchAction\",\"target\":{\"@type\":\"EntryPoint\",\"urlTemplate\":\"https:\/\/workerbase.com\/de\/?s={search_term_string}\"},\"query-input\":{\"@type\":\"PropertyValueSpecification\",\"valueRequired\":true,\"valueName\":\"search_term_string\"}}],\"inLanguage\":\"de-DE\"},{\"@type\":\"Organization\",\"@id\":\"https:\/\/workerbase.com\/de\/#organization\",\"name\":\"Workerbase\",\"url\":\"https:\/\/workerbase.com\/de\/\",\"logo\":{\"@type\":\"ImageObject\",\"inLanguage\":\"de-DE\",\"@id\":\"https:\/\/workerbase.com\/de\/#\/schema\/logo\/image\/\",\"url\":\"https:\/\/workerbase.com\/wp-content\/uploads\/2023\/12\/logo-icon-black-square.png\",\"contentUrl\":\"https:\/\/workerbase.com\/wp-content\/uploads\/2023\/12\/logo-icon-black-square.png\",\"width\":100,\"height\":100,\"caption\":\"Workerbase\"},\"image\":{\"@id\":\"https:\/\/workerbase.com\/de\/#\/schema\/logo\/image\/\"}}]}<\/script>","yoast_head_json":{"title":"Vision & Werte Workerbase","description":"Wir sind Workerbase: Unsere Connected Worker Plattform f\u00fcr die Fertigung definiert Agilit\u00e4t und Effizienz in Fabriken neu","robots":{"index":"index","follow":"follow","max-snippet":"max-snippet:-1","max-image-preview":"max-image-preview:large","max-video-preview":"max-video-preview:-1"},"canonical":"https:\/\/workerbase.com\/de\/about\/","og_locale":"de_DE","og_type":"article","og_title":"\u00dcber uns","og_description":"Wir sind Workerbase: Unsere Connected Worker Plattform f\u00fcr die Fertigung definiert Agilit\u00e4t und Effizienz in Fabriken neu","og_url":"https:\/\/workerbase.com\/de\/about\/","og_site_name":"Workerbase","article_modified_time":"2025-08-28T16:31:28+00:00","twitter_card":"summary_large_image","schema":{"@context":"https:\/\/schema.org","@graph":[{"@type":"WebPage","@id":"https:\/\/workerbase.com\/de\/about\/","url":"https:\/\/workerbase.com\/de\/about\/","name":"Vision & Werte Workerbase","isPartOf":{"@id":"https:\/\/workerbase.com\/de\/#website"},"datePublished":"2023-09-26T05:44:54+00:00","dateModified":"2025-08-28T16:31:28+00:00","description":"Wir sind Workerbase: Unsere Connected Worker Plattform f\u00fcr die Fertigung definiert Agilit\u00e4t und Effizienz in Fabriken neu","breadcrumb":{"@id":"https:\/\/workerbase.com\/de\/about\/#breadcrumb"},"inLanguage":"de-DE","potentialAction":[{"@type":"ReadAction","target":["https:\/\/workerbase.com\/de\/about\/"]}]},{"@type":"BreadcrumbList","@id":"https:\/\/workerbase.com\/de\/about\/#breadcrumb","itemListElement":[{"@type":"ListItem","position":1,"name":"Home","item":"https:\/\/workerbase.com\/de\/"},{"@type":"ListItem","position":2,"name":"\u00dcber uns"}]},{"@type":"WebSite","@id":"https:\/\/workerbase.com\/de\/#website","url":"https:\/\/workerbase.com\/de\/","name":"Workerbase","description":"Make work flow","publisher":{"@id":"https:\/\/workerbase.com\/de\/#organization"},"potentialAction":[{"@type":"SearchAction","target":{"@type":"EntryPoint","urlTemplate":"https:\/\/workerbase.com\/de\/?s={search_term_string}"},"query-input":{"@type":"PropertyValueSpecification","valueRequired":true,"valueName":"search_term_string"}}],"inLanguage":"de-DE"},{"@type":"Organization","@id":"https:\/\/workerbase.com\/de\/#organization","name":"Workerbase","url":"https:\/\/workerbase.com\/de\/","logo":{"@type":"ImageObject","inLanguage":"de-DE","@id":"https:\/\/workerbase.com\/de\/#\/schema\/logo\/image\/","url":"https:\/\/workerbase.com\/wp-content\/uploads\/2023\/12\/logo-icon-black-square.png","contentUrl":"https:\/\/workerbase.com\/wp-content\/uploads\/2023\/12\/logo-icon-black-square.png","width":100,"height":100,"caption":"Workerbase"},"image":{"@id":"https:\/\/workerbase.com\/de\/#\/schema\/logo\/image\/"}}]}},"_links":{"self":[{"href":"https:\/\/workerbase.com\/de\/wp-json\/wp\/v2\/pages\/3647","targetHints":{"allow":["GET"]}}],"collection":[{"href":"https:\/\/workerbase.com\/de\/wp-json\/wp\/v2\/pages"}],"about":[{"href":"https:\/\/workerbase.com\/de\/wp-json\/wp\/v2\/types\/page"}],"author":[{"embeddable":true,"href":"https:\/\/workerbase.com\/de\/wp-json\/wp\/v2\/users\/6"}],"replies":[{"embeddable":true,"href":"https:\/\/workerbase.com\/de\/wp-json\/wp\/v2\/comments?post=3647"}],"version-history":[{"count":0,"href":"https:\/\/workerbase.com\/de\/wp-json\/wp\/v2\/pages\/3647\/revisions"}],"wp:attachment":[{"href":"https:\/\/workerbase.com\/de\/wp-json\/wp\/v2\/media?parent=3647"}],"wp:term":[{"taxonomy":"page_categories","embeddable":true,"href":"https:\/\/workerbase.com\/de\/wp-json\/wp\/v2\/page_categories?post=3647"}],"curies":[{"name":"wp","href":"https:\/\/api.w.org\/{rel}","templated":true}]}}