{"id":6029,"date":"2024-09-25T12:18:49","date_gmt":"2024-09-25T10:18:49","guid":{"rendered":"https:\/\/workerbase.com\/?page_id=6029"},"modified":"2026-01-21T18:06:30","modified_gmt":"2026-01-21T17:06:30","slug":"erfolgsgeschichten","status":"publish","type":"page","link":"https:\/\/workerbase.com\/de\/erfolgsgeschichten\/","title":{"rendered":"Unsere Erfolgsgeschichten"},"content":{"rendered":"\n    <style>\n        .acf-spacer--heading{\n          height:7rem;\n        }\n   <\/style>\n    \n\n<div class=\"acf-spacer has-bg-color has-dark-background-color  acf-spacer--heading\" ><\/div>\n\n\n\n\n<section class=\"acf-banner-content-image has-bg-color has-dark-background-color has-white-color js--banner-content-image acf-banner-content-image--center\" >\n    <div class=\"acf-banner-content-image__overlay\">\n        <div class=\"container-standard\">\n            <div class=\"acf-banner-content-image__grid\">\n                                <div class=\"acf-banner-content-image__col-content\">\n                                            <span class=\"acf-banner-content-image__label\">\n                            Kundengeschichten                            <div class=\"acf-banner-content-image__label-bg\"><\/div>\n                        <\/span>\n                                                                <h1 class=\"c-h1\">Workerbase Kunden im Rampenlicht<\/h1>\n                                                                <div class=\"c-paragraph\"><p>Entdecken Sie, wie f\u00fchrende Unternehmen aus verschiedenen Branchen ihre Produktionsprozesse mit Workerbase optimiert und transformiert haben.<\/p>\n<\/div>\n                        \n                        \n                                    <\/div>\n            <\/div>\n        <\/div>\n            <\/div>\n<\/section>\n\n\n<section class=\"acf-case-study-archive\" >\n            <div class=\"acf-case-study-archive__sticky-post\">\n            <div class=\"container-standard\">\n                <div class=\"acf-case-study-archive__sticky-post-row\">\n                    <!-- Left part -->\n                    <a href=\"https:\/\/workerbase.com\/de\/success-stories\/porsche\/\" class=\"acf-case-study-archive__img-info-box\">\n                                                    <div class=\"acf-case-study-archive__img\">\n                                <img loading=\"lazy\" decoding=\"async\" width=\"2560\" height=\"1442\" src=\"https:\/\/workerbase.com\/wp-content\/uploads\/2026\/01\/Screenshot-2025-12-18-at-15.20.32-scaled.png\" class=\"attachment-full size-full wp-post-image\" alt=\"\" srcset=\"https:\/\/workerbase.com\/wp-content\/uploads\/2026\/01\/Screenshot-2025-12-18-at-15.20.32-scaled.png 2560w, https:\/\/workerbase.com\/wp-content\/uploads\/2026\/01\/Screenshot-2025-12-18-at-15.20.32-300x169.png 300w, https:\/\/workerbase.com\/wp-content\/uploads\/2026\/01\/Screenshot-2025-12-18-at-15.20.32-1024x577.png 1024w, https:\/\/workerbase.com\/wp-content\/uploads\/2026\/01\/Screenshot-2025-12-18-at-15.20.32-768x433.png 768w, https:\/\/workerbase.com\/wp-content\/uploads\/2026\/01\/Screenshot-2025-12-18-at-15.20.32-1536x865.png 1536w, https:\/\/workerbase.com\/wp-content\/uploads\/2026\/01\/Screenshot-2025-12-18-at-15.20.32-2048x1153.png 2048w\" sizes=\"auto, (max-width: 2560px) 100vw, 2560px\" \/>                                <div class=\"acf-case-study-archive__img-overlay\"><\/div>\n                            <\/div>\n                                                <div class=\"acf-case-study-archive__info\">\n                                                            <div class=\"acf-case-study-archive__info-logo\">\n                                    <div class=\"acf-case-study-archive__info-logo-box\">\n                                        <img loading=\"lazy\" decoding=\"async\" width=\"256\" height=\"63\" src=\"https:\/\/workerbase.com\/wp-content\/uploads\/2024\/11\/porsche-sm-logo.svg\" class=\"attachment-full size-full\" alt=\"\" \/>                                    <\/div>\n                                <\/div>\n                                                    <\/div>\n                    <\/a>\n                    <!-- Right part -->\n                    <div class=\"acf-case-study-archive__content-box\">\n                        <div class=\"acf-case-study-archive__content-header\">\n                                                            <h3 class=\"c-h3\">Schnellere Digitalisierung. Weniger Stillst\u00e4nde. Shopfloor-Digitalisierung bei Porsche<\/h3>\n                                                        <a class=\"c-button c-button--has-icon c-button--pink\" href=\"https:\/\/workerbase.com\/de\/success-stories\/porsche\/\">\n                                <span class=\"c-button__title\">\n                                    Erfolgsgeschichte ansehen                                <\/span>\n                                \n     <svg class=\"c-icon c-icon-circle-arrow-right \" role=\"img\" >\n            <use xlink:href=\"https:\/\/workerbase.com\/wp-content\/themes\/workerbase\/dist\/img\/sprites.svg?v=1758286198#circle-arrow-right\"><\/use>\n        <\/svg>                            <\/a>\n                        <\/div>\n\n                                                    <div class=\"acf-case-study-archive__content-footer\">\n                                                                                                            <p class=\"c-h5\">\u201cDie Plattform sorgt daf\u00fcr, dass unsere Prozesse reibungslos ablaufen, Probleme schnell gel\u00f6st werden und die Produktion mit weniger Unterbrechungen l\u00e4uft. Die L\u00f6sung ist schnell, flexibel und passt sich unseren hoch individualisierten Kundenw\u00fcnschen an und f\u00fcgt sich ideal in unsere Porsche IT-Strategie ein.\u201d<\/p>\n                                                                                                                                                                                                                                                                <p class=\"c-paragraph\"><span class=\"text-dark\">Jens Br\u00fccker<\/span>, Werkleiter Zuffenhausen bei Porsche<\/p>                                                            <\/div>\n                                            <\/div>\n                <\/div>\n            <\/div>\n        <\/div>\n    \n            <div class=\"acf-case-study-archive__grid\">\n            <div class=\"container-standard\">\n                <div class=\"acf-case-study-archive__posts\">\n                    <div class=\"acf-case-study-archive__loop\" id=\"case-study-posts-loop\">\n                                                    \n<a href=\"https:\/\/workerbase.com\/de\/success-stories\/dantherm\/\" class=\"c-case-card\">\n            <div class=\"c-case-card__thumb\">\n                            <div class=\"c-case-card__logo\">\n                    <img loading=\"lazy\" decoding=\"async\" width=\"1600\" height=\"289\" src=\"https:\/\/workerbase.com\/wp-content\/uploads\/2025\/07\/dantherm-logo-white.png\" class=\"attachment-full size-full\" alt=\"\" srcset=\"https:\/\/workerbase.com\/wp-content\/uploads\/2025\/07\/dantherm-logo-white.png 1600w, https:\/\/workerbase.com\/wp-content\/uploads\/2025\/07\/dantherm-logo-white-300x54.png 300w, https:\/\/workerbase.com\/wp-content\/uploads\/2025\/07\/dantherm-logo-white-1024x185.png 1024w, https:\/\/workerbase.com\/wp-content\/uploads\/2025\/07\/dantherm-logo-white-768x139.png 768w, https:\/\/workerbase.com\/wp-content\/uploads\/2025\/07\/dantherm-logo-white-1536x277.png 1536w\" sizes=\"auto, (max-width: 1600px) 100vw, 1600px\" \/>                <\/div>\n            \t        <img loading=\"lazy\" decoding=\"async\" width=\"2560\" height=\"960\" src=\"https:\/\/workerbase.com\/wp-content\/uploads\/2025\/07\/dantherm-company-image.webp\" class=\"attachment-full size-full wp-post-image\" alt=\"\" srcset=\"https:\/\/workerbase.com\/wp-content\/uploads\/2025\/07\/dantherm-company-image.webp 2560w, https:\/\/workerbase.com\/wp-content\/uploads\/2025\/07\/dantherm-company-image-300x113.webp 300w, https:\/\/workerbase.com\/wp-content\/uploads\/2025\/07\/dantherm-company-image-1024x384.webp 1024w, https:\/\/workerbase.com\/wp-content\/uploads\/2025\/07\/dantherm-company-image-768x288.webp 768w, https:\/\/workerbase.com\/wp-content\/uploads\/2025\/07\/dantherm-company-image-1536x576.webp 1536w, https:\/\/workerbase.com\/wp-content\/uploads\/2025\/07\/dantherm-company-image-2048x768.webp 2048w\" sizes=\"auto, (max-width: 2560px) 100vw, 2560px\" \/>            <div class=\"c-case-card__thumb-overlay\"><\/div>\n            <!-- <div class=\"c-case-card__thumb-overlay c-case-card__thumb-overlay--hover\"><\/div> -->\n        <\/div>\n    \n    <div class=\"c-case-card__content\">\n        <div class=\"c-case-card__content-heaer\">\n            <h3 class=\"c-h3\">Wie Dantherm die L\u00fccke zwischen Fertigung und ERP-System schlie\u00dft<\/h3>\n        <\/div>\n    <\/div>\n<\/a>\n                                                    \n<a href=\"https:\/\/workerbase.com\/de\/success-stories\/gazelle\/\" class=\"c-case-card\">\n            <div class=\"c-case-card__thumb\">\n                            <div class=\"c-case-card__logo\">\n                    <img loading=\"lazy\" decoding=\"async\" width=\"141\" height=\"28\" src=\"https:\/\/workerbase.com\/wp-content\/uploads\/2024\/11\/gazelle-case-study-logo.svg\" class=\"attachment-full size-full\" alt=\"\" \/>                <\/div>\n            \t        <img loading=\"lazy\" decoding=\"async\" width=\"1262\" height=\"640\" src=\"https:\/\/workerbase.com\/wp-content\/uploads\/2024\/11\/gazelle-banner.jpg\" class=\"attachment-full size-full wp-post-image\" alt=\"\" srcset=\"https:\/\/workerbase.com\/wp-content\/uploads\/2024\/11\/gazelle-banner.jpg 1262w, https:\/\/workerbase.com\/wp-content\/uploads\/2024\/11\/gazelle-banner-300x152.jpg 300w, https:\/\/workerbase.com\/wp-content\/uploads\/2024\/11\/gazelle-banner-1024x519.jpg 1024w, https:\/\/workerbase.com\/wp-content\/uploads\/2024\/11\/gazelle-banner-768x389.jpg 768w\" sizes=\"auto, (max-width: 1262px) 100vw, 1262px\" \/>            <div class=\"c-case-card__thumb-overlay\"><\/div>\n            <!-- <div class=\"c-case-card__thumb-overlay c-case-card__thumb-overlay--hover\"><\/div> -->\n        <\/div>\n    \n    <div class=\"c-case-card__content\">\n        <div class=\"c-case-card__content-heaer\">\n            <h3 class=\"c-h3\">Wie Gazelle mit Workerbase Stillstandszeiten um 35 % reduziert<\/h3>\n        <\/div>\n    <\/div>\n<\/a>\n                                                    \n<a href=\"https:\/\/workerbase.com\/de\/success-stories\/thyssenkrupp-rasselstein\/\" class=\"c-case-card\">\n            <div class=\"c-case-card__thumb\">\n                            <div class=\"c-case-card__logo\">\n                    <img loading=\"lazy\" decoding=\"async\" width=\"233\" height=\"43\" src=\"https:\/\/workerbase.com\/wp-content\/uploads\/2024\/10\/Thyssenkrupp.svg\" class=\"attachment-full size-full\" alt=\"\" \/>                <\/div>\n            \t        <img loading=\"lazy\" decoding=\"async\" width=\"6048\" height=\"3370\" src=\"https:\/\/workerbase.com\/wp-content\/uploads\/2024\/10\/Thyssenkrupp-banner-image.png\" class=\"attachment-full size-full wp-post-image\" alt=\"\" srcset=\"https:\/\/workerbase.com\/wp-content\/uploads\/2024\/10\/Thyssenkrupp-banner-image.png 6048w, https:\/\/workerbase.com\/wp-content\/uploads\/2024\/10\/Thyssenkrupp-banner-image-300x167.png 300w, https:\/\/workerbase.com\/wp-content\/uploads\/2024\/10\/Thyssenkrupp-banner-image-1024x571.png 1024w, https:\/\/workerbase.com\/wp-content\/uploads\/2024\/10\/Thyssenkrupp-banner-image-768x428.png 768w, https:\/\/workerbase.com\/wp-content\/uploads\/2024\/10\/Thyssenkrupp-banner-image-1536x856.png 1536w, https:\/\/workerbase.com\/wp-content\/uploads\/2024\/10\/Thyssenkrupp-banner-image-2048x1141.png 2048w\" sizes=\"auto, (max-width: 6048px) 100vw, 6048px\" \/>            <div class=\"c-case-card__thumb-overlay\"><\/div>\n            <!-- <div class=\"c-case-card__thumb-overlay c-case-card__thumb-overlay--hover\"><\/div> -->\n        <\/div>\n    \n    <div class=\"c-case-card__content\">\n        <div class=\"c-case-card__content-heaer\">\n            <h3 class=\"c-h3\">Wie thyssenkrupp Rasselstein als Vorreiter bei der Digitalisierung den Mitarbeiter an erste Stelle setzt<\/h3>\n        <\/div>\n    <\/div>\n<\/a>\n                                                    \n<a href=\"https:\/\/workerbase.com\/de\/success-stories\/gkn\/\" class=\"c-case-card\">\n            <div class=\"c-case-card__thumb\">\n                            <div class=\"c-case-card__logo\">\n                    <img loading=\"lazy\" decoding=\"async\" width=\"430\" height=\"122\" src=\"https:\/\/workerbase.com\/wp-content\/uploads\/2023\/12\/GKN-logo.svg\" class=\"attachment-full size-full\" alt=\"\" \/>                <\/div>\n            \t        <img loading=\"lazy\" decoding=\"async\" width=\"1262\" height=\"640\" src=\"https:\/\/workerbase.com\/wp-content\/uploads\/2024\/09\/gkn-banner.jpg\" class=\"attachment-full size-full wp-post-image\" alt=\"\" srcset=\"https:\/\/workerbase.com\/wp-content\/uploads\/2024\/09\/gkn-banner.jpg 1262w, https:\/\/workerbase.com\/wp-content\/uploads\/2024\/09\/gkn-banner-300x152.jpg 300w, https:\/\/workerbase.com\/wp-content\/uploads\/2024\/09\/gkn-banner-1024x519.jpg 1024w, https:\/\/workerbase.com\/wp-content\/uploads\/2024\/09\/gkn-banner-768x389.jpg 768w\" sizes=\"auto, (max-width: 1262px) 100vw, 1262px\" \/>            <div class=\"c-case-card__thumb-overlay\"><\/div>\n            <!-- <div class=\"c-case-card__thumb-overlay c-case-card__thumb-overlay--hover\"><\/div> -->\n        <\/div>\n    \n    <div class=\"c-case-card__content\">\n        <div class=\"c-case-card__content-heaer\">\n            <h3 class=\"c-h3\">Warum GKN 80% seiner manuellen Prozesse mit Workerbase automatisiert<\/h3>\n        <\/div>\n    <\/div>\n<\/a>\n                                            <\/div>\n                                    <\/div>\n            <\/div>\n        <\/div>\n    <\/section>\n\n\n\n<div class=\"acf-spacer h-[40px] tablet:h-[80px] desktop:h-[80px] acf-spacer--heading\" ><\/div>\n\n\n\n<section class=\"white pink-gradient acf-cta-banner\" >\n    <div class=\"acf-cta-banner__container\">\n        <div class=\"acf-cta-banner__wrapper pink-gradient\">\n\n            <div class=\"acf-cta-banner__img\">\n                <img decoding=\"async\" src=\"https:\/\/workerbase.com\/wp-content\/themes\/workerbase\/inc\/Blocks\/cta-banner\/media\/cta-pattern-full.svg\" alt=\"Banner cta image\">\n            <\/div>\n\n            <div class=\"acf-cta-banner__flex\">\n                <div class=\"acf-cta-banner__text\">\n                                            <p class=\"acf-cta-banner__label\">\n                            Neugierig?                        <\/p>\n                                                                <h2 class=\"c-h1\">\n                            Nehmen Sie Kontakt mit uns auf                        <\/h2>\n                                    <\/div>\n                <div class=\"acf-cta-banner__buttons\">\n                                            <a class=\"c-button c-button--has-icon c-button--white\" href=\"\/de\/demo-anfordern\/\" target=\"\">\n                            <span class=\"c-button__title\">\n                                Demo anfordern                            <\/span>\n                            \n     <svg class=\"c-icon c-icon-circle-arrow-right \" role=\"img\" >\n            <use xlink:href=\"https:\/\/workerbase.com\/wp-content\/themes\/workerbase\/dist\/img\/sprites.svg?v=1758286198#circle-arrow-right\"><\/use>\n        <\/svg>                        <\/a>\n                                        \t                                <\/div>\n            <\/div>\n        <\/div>\n    <\/div>\n\t<\/section>\n\n\n\n<div class=\"acf-spacer h-[40px] tablet:h-[80px] desktop:h-[80px] acf-spacer--heading\" ><\/div>\n","protected":false},"excerpt":{"rendered":"","protected":false},"author":17,"featured_media":0,"parent":0,"menu_order":0,"comment_status":"closed","ping_status":"closed","template":"templates\/template-blocks.php","meta":{"_acf_changed":false,"content-type":"","footnotes":""},"page_categories":[],"class_list":["post-6029","page","type-page","status-publish","hentry"],"acf":[],"yoast_head":"<title>Unsere Erfolgsgeschichten - Workerbase<\/title>\n<meta name=\"description\" content=\"Entdecken Sie die Erfolgsgeschichten von Workerbase und erfahren Sie, wie Unternehmen mit unserer Plattform Arbeitsabl\u00e4ufe optimiert haben.\" \/>\n<meta name=\"robots\" content=\"index, follow, max-snippet:-1, max-image-preview:large, max-video-preview:-1\" \/>\n<link rel=\"canonical\" href=\"https:\/\/workerbase.com\/de\/erfolgsgeschichten\/\" \/>\n<meta property=\"og:locale\" content=\"de_DE\" \/>\n<meta property=\"og:type\" content=\"article\" \/>\n<meta property=\"og:title\" content=\"Unsere Erfolgsgeschichten\" \/>\n<meta property=\"og:description\" content=\"Entdecken Sie die Erfolgsgeschichten von Workerbase und erfahren Sie, wie Unternehmen mit unserer Plattform Arbeitsabl\u00e4ufe optimiert haben.\" \/>\n<meta property=\"og:url\" content=\"https:\/\/workerbase.com\/de\/erfolgsgeschichten\/\" \/>\n<meta property=\"og:site_name\" content=\"Workerbase\" \/>\n<meta property=\"article:modified_time\" content=\"2026-01-21T17:06:30+00:00\" \/>\n<meta name=\"twitter:card\" content=\"summary_large_image\" \/>\n<script type=\"application\/ld+json\" class=\"yoast-schema-graph\">{\"@context\":\"https:\/\/schema.org\",\"@graph\":[{\"@type\":\"WebPage\",\"@id\":\"https:\/\/workerbase.com\/de\/erfolgsgeschichten\/\",\"url\":\"https:\/\/workerbase.com\/de\/erfolgsgeschichten\/\",\"name\":\"Unsere Erfolgsgeschichten - Workerbase\",\"isPartOf\":{\"@id\":\"https:\/\/workerbase.com\/de\/#website\"},\"datePublished\":\"2024-09-25T10:18:49+00:00\",\"dateModified\":\"2026-01-21T17:06:30+00:00\",\"description\":\"Entdecken Sie die Erfolgsgeschichten von Workerbase und erfahren Sie, wie Unternehmen mit unserer Plattform Arbeitsabl\u00e4ufe optimiert haben.\",\"breadcrumb\":{\"@id\":\"https:\/\/workerbase.com\/de\/erfolgsgeschichten\/#breadcrumb\"},\"inLanguage\":\"de-DE\",\"potentialAction\":[{\"@type\":\"ReadAction\",\"target\":[\"https:\/\/workerbase.com\/de\/erfolgsgeschichten\/\"]}]},{\"@type\":\"BreadcrumbList\",\"@id\":\"https:\/\/workerbase.com\/de\/erfolgsgeschichten\/#breadcrumb\",\"itemListElement\":[{\"@type\":\"ListItem\",\"position\":1,\"name\":\"Home\",\"item\":\"https:\/\/workerbase.com\/de\/\"},{\"@type\":\"ListItem\",\"position\":2,\"name\":\"Unsere Erfolgsgeschichten\"}]},{\"@type\":\"WebSite\",\"@id\":\"https:\/\/workerbase.com\/de\/#website\",\"url\":\"https:\/\/workerbase.com\/de\/\",\"name\":\"Workerbase\",\"description\":\"Make work flow\",\"publisher\":{\"@id\":\"https:\/\/workerbase.com\/de\/#organization\"},\"potentialAction\":[{\"@type\":\"SearchAction\",\"target\":{\"@type\":\"EntryPoint\",\"urlTemplate\":\"https:\/\/workerbase.com\/de\/?s={search_term_string}\"},\"query-input\":{\"@type\":\"PropertyValueSpecification\",\"valueRequired\":true,\"valueName\":\"search_term_string\"}}],\"inLanguage\":\"de-DE\"},{\"@type\":\"Organization\",\"@id\":\"https:\/\/workerbase.com\/de\/#organization\",\"name\":\"Workerbase\",\"url\":\"https:\/\/workerbase.com\/de\/\",\"logo\":{\"@type\":\"ImageObject\",\"inLanguage\":\"de-DE\",\"@id\":\"https:\/\/workerbase.com\/de\/#\/schema\/logo\/image\/\",\"url\":\"https:\/\/workerbase.com\/wp-content\/uploads\/2023\/12\/logo-icon-black-square.png\",\"contentUrl\":\"https:\/\/workerbase.com\/wp-content\/uploads\/2023\/12\/logo-icon-black-square.png\",\"width\":100,\"height\":100,\"caption\":\"Workerbase\"},\"image\":{\"@id\":\"https:\/\/workerbase.com\/de\/#\/schema\/logo\/image\/\"}}]}<\/script>","yoast_head_json":{"title":"Unsere Erfolgsgeschichten - Workerbase","description":"Entdecken Sie die Erfolgsgeschichten von Workerbase und erfahren Sie, wie Unternehmen mit unserer Plattform Arbeitsabl\u00e4ufe optimiert haben.","robots":{"index":"index","follow":"follow","max-snippet":"max-snippet:-1","max-image-preview":"max-image-preview:large","max-video-preview":"max-video-preview:-1"},"canonical":"https:\/\/workerbase.com\/de\/erfolgsgeschichten\/","og_locale":"de_DE","og_type":"article","og_title":"Unsere Erfolgsgeschichten","og_description":"Entdecken Sie die Erfolgsgeschichten von Workerbase und erfahren Sie, wie Unternehmen mit unserer Plattform Arbeitsabl\u00e4ufe optimiert haben.","og_url":"https:\/\/workerbase.com\/de\/erfolgsgeschichten\/","og_site_name":"Workerbase","article_modified_time":"2026-01-21T17:06:30+00:00","twitter_card":"summary_large_image","schema":{"@context":"https:\/\/schema.org","@graph":[{"@type":"WebPage","@id":"https:\/\/workerbase.com\/de\/erfolgsgeschichten\/","url":"https:\/\/workerbase.com\/de\/erfolgsgeschichten\/","name":"Unsere Erfolgsgeschichten - Workerbase","isPartOf":{"@id":"https:\/\/workerbase.com\/de\/#website"},"datePublished":"2024-09-25T10:18:49+00:00","dateModified":"2026-01-21T17:06:30+00:00","description":"Entdecken Sie die Erfolgsgeschichten von Workerbase und erfahren Sie, wie Unternehmen mit unserer Plattform Arbeitsabl\u00e4ufe optimiert haben.","breadcrumb":{"@id":"https:\/\/workerbase.com\/de\/erfolgsgeschichten\/#breadcrumb"},"inLanguage":"de-DE","potentialAction":[{"@type":"ReadAction","target":["https:\/\/workerbase.com\/de\/erfolgsgeschichten\/"]}]},{"@type":"BreadcrumbList","@id":"https:\/\/workerbase.com\/de\/erfolgsgeschichten\/#breadcrumb","itemListElement":[{"@type":"ListItem","position":1,"name":"Home","item":"https:\/\/workerbase.com\/de\/"},{"@type":"ListItem","position":2,"name":"Unsere Erfolgsgeschichten"}]},{"@type":"WebSite","@id":"https:\/\/workerbase.com\/de\/#website","url":"https:\/\/workerbase.com\/de\/","name":"Workerbase","description":"Make work flow","publisher":{"@id":"https:\/\/workerbase.com\/de\/#organization"},"potentialAction":[{"@type":"SearchAction","target":{"@type":"EntryPoint","urlTemplate":"https:\/\/workerbase.com\/de\/?s={search_term_string}"},"query-input":{"@type":"PropertyValueSpecification","valueRequired":true,"valueName":"search_term_string"}}],"inLanguage":"de-DE"},{"@type":"Organization","@id":"https:\/\/workerbase.com\/de\/#organization","name":"Workerbase","url":"https:\/\/workerbase.com\/de\/","logo":{"@type":"ImageObject","inLanguage":"de-DE","@id":"https:\/\/workerbase.com\/de\/#\/schema\/logo\/image\/","url":"https:\/\/workerbase.com\/wp-content\/uploads\/2023\/12\/logo-icon-black-square.png","contentUrl":"https:\/\/workerbase.com\/wp-content\/uploads\/2023\/12\/logo-icon-black-square.png","width":100,"height":100,"caption":"Workerbase"},"image":{"@id":"https:\/\/workerbase.com\/de\/#\/schema\/logo\/image\/"}}]}},"_links":{"self":[{"href":"https:\/\/workerbase.com\/de\/wp-json\/wp\/v2\/pages\/6029","targetHints":{"allow":["GET"]}}],"collection":[{"href":"https:\/\/workerbase.com\/de\/wp-json\/wp\/v2\/pages"}],"about":[{"href":"https:\/\/workerbase.com\/de\/wp-json\/wp\/v2\/types\/page"}],"author":[{"embeddable":true,"href":"https:\/\/workerbase.com\/de\/wp-json\/wp\/v2\/users\/17"}],"replies":[{"embeddable":true,"href":"https:\/\/workerbase.com\/de\/wp-json\/wp\/v2\/comments?post=6029"}],"version-history":[{"count":0,"href":"https:\/\/workerbase.com\/de\/wp-json\/wp\/v2\/pages\/6029\/revisions"}],"wp:attachment":[{"href":"https:\/\/workerbase.com\/de\/wp-json\/wp\/v2\/media?parent=6029"}],"wp:term":[{"taxonomy":"page_categories","embeddable":true,"href":"https:\/\/workerbase.com\/de\/wp-json\/wp\/v2\/page_categories?post=6029"}],"curies":[{"name":"wp","href":"https:\/\/api.w.org\/{rel}","templated":true}]}}