{"id":6176,"date":"2024-10-08T11:35:20","date_gmt":"2024-10-08T09:35:20","guid":{"rendered":"https:\/\/workerbase.com\/?page_id=6176"},"modified":"2025-07-09T20:25:48","modified_gmt":"2025-07-09T18:25:48","slug":"thyssenkrupp-casestudy-herunterladen","status":"publish","type":"page","link":"https:\/\/workerbase.com\/de\/thyssenkrupp-casestudy-herunterladen\/","title":{"rendered":"Thyssenkrupp Case Study Herunterladen"},"content":{"rendered":"\n    <style>\n        .acf-spacer--heading{\n          height:7rem;\n        }\n   <\/style>\n    \n\n<div class=\"acf-spacer  acf-spacer--heading\" ><\/div>\n\n\n\n<section class=\"acf-request-demo-v2 s-full-rounded\" >\n    <div class=\"acf-request-demo-v2__grid\">\n        <div class=\"acf-request-demo-v2__col acf-request-demo-v2__col--content\">\n            <div class=\"acf-request-demo-v2__col-container\">\n                <div class=\"acf-request-demo-v2__col-header\">\n                                            <h2 class=\"c-h1\">Erfahren Sie, wie thyssenkrupp seine Produktionsabl\u00e4ufe mit Workerbase verbessert <\/h2>\n                                                                <div class=\"c-paragraph\"><p>Erfahren Sie mehr dar\u00fcber, wie thyssenkrupp Rasselstein mit Hilfe der Workerbase Connected Worker Plattform seinen Betrieb digitalisieren konnte.<\/p>\n<\/div>\n                        \n                                            <ul class=\"acf-request-demo-v2__list\">\n                                                                                                <li class=\"acf-request-demo-v2__list-item\">\n                                        <span class=\"acf-request-demo-v2__list-icon\">\n     <svg class=\"c-icon c-icon-check-icon \" role=\"img\" >\n            <use xlink:href=\"https:\/\/workerbase.com\/wp-content\/themes\/workerbase\/dist\/img\/sprites.svg?v=1758286198#check-icon\"><\/use>\n        <\/svg><\/span>\n                                        Erfahren Sie, warum die Mitarbeiter aktiv nach Workerbase fragen                                    <\/li>\n                                                                                                                                <li class=\"acf-request-demo-v2__list-item\">\n                                        <span class=\"acf-request-demo-v2__list-icon\">\n     <svg class=\"c-icon c-icon-check-icon \" role=\"img\" >\n            <use xlink:href=\"https:\/\/workerbase.com\/wp-content\/themes\/workerbase\/dist\/img\/sprites.svg?v=1758286198#check-icon\"><\/use>\n        <\/svg><\/span>\n                                        Verstehen Sie, wie Workerbase die Abl\u00e4ufe bei thyssenkrupp verbessert hat                                    <\/li>\n                                                                                                                                <li class=\"acf-request-demo-v2__list-item\">\n                                        <span class=\"acf-request-demo-v2__list-icon\">\n     <svg class=\"c-icon c-icon-check-icon \" role=\"img\" >\n            <use xlink:href=\"https:\/\/workerbase.com\/wp-content\/themes\/workerbase\/dist\/img\/sprites.svg?v=1758286198#check-icon\"><\/use>\n        <\/svg><\/span>\n                                        Erfahren Sie, wie KI eingesetzt wird, um Abl\u00e4ufe zu transformieren                                    <\/li>\n                                                                                    <\/ul>\n                                    <\/div>\n\n                <div class=\"acf-request-demo-v2__logos\">\n                                            <h3 class=\"acf-request-demo-v2__logos-title\">The world\u2019s most innovative companies use Workerbase<\/h3>\n                                                                <div class=\"acf-request-demo-v2__logos-list\">\n                                                                                                <div class=\"acf-request-demo-v2__logos-item\">\n                                        <img loading=\"lazy\" decoding=\"async\" width=\"224\" height=\"17\" src=\"https:\/\/workerbase.com\/wp-content\/uploads\/2023\/12\/Porsche-logo.svg\" class=\"attachment-full size-full\" alt=\"\" \/>                                    <\/div>\n                                                                                                                                <div class=\"acf-request-demo-v2__logos-item\">\n                                        <img loading=\"lazy\" decoding=\"async\" width=\"536\" height=\"136\" src=\"https:\/\/workerbase.com\/wp-content\/uploads\/2023\/12\/Siemens.svg\" class=\"attachment-full size-full\" alt=\"\" \/>                                    <\/div>\n                                                                                                                                <div class=\"acf-request-demo-v2__logos-item\">\n                                        <img loading=\"lazy\" decoding=\"async\" width=\"662\" height=\"121\" src=\"https:\/\/workerbase.com\/wp-content\/uploads\/2023\/12\/Dantherm-logo.svg\" class=\"attachment-full size-full\" alt=\"\" \/>                                    <\/div>\n                                                                                                                                                <\/div>\n                                    <\/div>\n            <\/div>\n        <\/div>\n        <div class=\"acf-request-demo-v2__col acf-request-demo-v2__col--form\">\n                            <div class=\"acf-request-demo-v2__form c-form c-form--hubspot\">\n                    <script charset=\"utf-8\" type=\"text\/javascript\" src=\"\/\/js.hsforms.net\/forms\/embed\/v2.js\"><\/script>\r\n<script>\r\n  hbspt.forms.create({\r\n    region: \"na1\",\r\n    portalId: \"8842110\",\r\n    formId: \"847eeae0-7ae2-41d9-982a-09631f130155\",\r\n    onFormReady: function($form) {\r\n    const formReadyEvent = new CustomEvent('formReady', { detail: { form: $form } });\r\n    document.dispatchEvent(formReadyEvent);\r\n  }\r\n  });\r\n<\/script>\r\n                <\/div>\n                    <\/div>\n    <\/div>\n<\/section>\n\n\n    <section class=\"acf-testimonial-carousel\" >\n        <div class=\"container-standard\">\n            <div class=\"swiper acf-testimonial-carousel__carusel js--testimonial-carousel\">\n                <div class=\"swiper-wrapper acf-testimonial-carousel__carusel-wrap\">\n                                            <div class=\"swiper-slide acf-testimonial-carousel__slide\">\n                            <div class=\"acf-testimonial-carousel__card\">\n                                                                    <h3 class=\"c-h2\">\u201cSeitens des Vorstands von thyssenkrupp Rasselstein sehen wir mit Workerbase eine gro\u00dfe Chance, die Effizienz im Shopfloor digital und nachhaltig zu erh\u00f6hen. Und damit wollen wir nat\u00fcrlich einen wichtigen Beitrag leisten unsere Marktf\u00fchrerschaft zu sichern.\u201d<\/h3>\n                                                                <div class=\"acf-testimonial-carousel__card-footer\">\n                                                                            <p class=\"acf-testimonial-carousel__name\">Oliver Hoffmann<\/p>\n                                                                                                                <p class=\"acf-testimonial-carousel__role\">CTO bei thyssenKrupp Rasselstein<\/p>\n                                                                    <\/div>\n                            <\/div>\n                        <\/div>\n                                        <div class=\"acf-testimonial-carousel__nav\">\n                        <div class=\"acf-testimonial-carousel__arrow acf-testimonial-carousel__arrow--left js--carousel-arrow-left\">\n                            \n     <svg class=\"c-icon c-icon-circle-arrow-right \" role=\"img\" >\n            <use xlink:href=\"https:\/\/workerbase.com\/wp-content\/themes\/workerbase\/dist\/img\/sprites.svg?v=1758286198#circle-arrow-right\"><\/use>\n        <\/svg>                        <\/div>\n                        <div class=\"acf-testimonial-carousel__arrow acf-testimonial-carousel__arrow--right js--carousel-arrow-right\">\n                            \n     <svg class=\"c-icon c-icon-circle-arrow-right \" role=\"img\" >\n            <use xlink:href=\"https:\/\/workerbase.com\/wp-content\/themes\/workerbase\/dist\/img\/sprites.svg?v=1758286198#circle-arrow-right\"><\/use>\n        <\/svg>                        <\/div>\n                    <\/div>\n                <\/div>\n            <\/div>\n        <\/div>\n        <!-- <div class=\"acf-testimonial-carousel__footer\">\n            <div class=\"acf-testimonial-carousel__footer-img\">\n                <img decoding=\"async\" src=\"https:\/\/workerbase.com\/wp-content\/themes\/workerbase\/inc\/Blocks\/testimonial-carousel\/media\/citationBg.svg\" alt=\"citationBg\"\/>\n            <\/div>\n        <\/div> -->\n    <\/section>\n","protected":false},"excerpt":{"rendered":"","protected":false},"author":12,"featured_media":0,"parent":0,"menu_order":0,"comment_status":"closed","ping_status":"closed","template":"templates\/template-blocks.php","meta":{"_acf_changed":false,"content-type":"","footnotes":""},"page_categories":[],"class_list":["post-6176","page","type-page","status-publish","hentry"],"acf":[],"yoast_head":"<title>Thyssenkrupp Case Study Herunterladen - Workerbase<\/title>\n<meta name=\"description\" content=\"Erfahren Sie in der thyssenkrupp Fallstudie, wie Workerbase operative Exzellenz digitale Transformation vorantreibt.\" \/>\n<meta name=\"robots\" content=\"index, follow, max-snippet:-1, max-image-preview:large, max-video-preview:-1\" \/>\n<link rel=\"canonical\" href=\"https:\/\/workerbase.com\/de\/thyssenkrupp-casestudy-herunterladen\/\" \/>\n<meta property=\"og:locale\" content=\"de_DE\" \/>\n<meta property=\"og:type\" content=\"article\" \/>\n<meta property=\"og:title\" content=\"Thyssenkrupp Case Study Herunterladen\" \/>\n<meta property=\"og:description\" content=\"Erfahren Sie in der thyssenkrupp Fallstudie, wie Workerbase operative Exzellenz digitale Transformation vorantreibt.\" \/>\n<meta property=\"og:url\" content=\"https:\/\/workerbase.com\/de\/thyssenkrupp-casestudy-herunterladen\/\" \/>\n<meta property=\"og:site_name\" content=\"Workerbase\" \/>\n<meta property=\"article:modified_time\" content=\"2025-07-09T18:25:48+00:00\" \/>\n<meta name=\"twitter:card\" content=\"summary_large_image\" \/>\n<script type=\"application\/ld+json\" class=\"yoast-schema-graph\">{\"@context\":\"https:\/\/schema.org\",\"@graph\":[{\"@type\":\"WebPage\",\"@id\":\"https:\/\/workerbase.com\/de\/thyssenkrupp-casestudy-herunterladen\/\",\"url\":\"https:\/\/workerbase.com\/de\/thyssenkrupp-casestudy-herunterladen\/\",\"name\":\"Thyssenkrupp Case Study Herunterladen - Workerbase\",\"isPartOf\":{\"@id\":\"https:\/\/workerbase.com\/de\/#website\"},\"datePublished\":\"2024-10-08T09:35:20+00:00\",\"dateModified\":\"2025-07-09T18:25:48+00:00\",\"description\":\"Erfahren Sie in der thyssenkrupp Fallstudie, wie Workerbase operative Exzellenz digitale Transformation vorantreibt.\",\"breadcrumb\":{\"@id\":\"https:\/\/workerbase.com\/de\/thyssenkrupp-casestudy-herunterladen\/#breadcrumb\"},\"inLanguage\":\"de-DE\",\"potentialAction\":[{\"@type\":\"ReadAction\",\"target\":[\"https:\/\/workerbase.com\/de\/thyssenkrupp-casestudy-herunterladen\/\"]}]},{\"@type\":\"BreadcrumbList\",\"@id\":\"https:\/\/workerbase.com\/de\/thyssenkrupp-casestudy-herunterladen\/#breadcrumb\",\"itemListElement\":[{\"@type\":\"ListItem\",\"position\":1,\"name\":\"Home\",\"item\":\"https:\/\/workerbase.com\/de\/\"},{\"@type\":\"ListItem\",\"position\":2,\"name\":\"Thyssenkrupp Case Study Herunterladen\"}]},{\"@type\":\"WebSite\",\"@id\":\"https:\/\/workerbase.com\/de\/#website\",\"url\":\"https:\/\/workerbase.com\/de\/\",\"name\":\"Workerbase\",\"description\":\"Make work flow\",\"publisher\":{\"@id\":\"https:\/\/workerbase.com\/de\/#organization\"},\"potentialAction\":[{\"@type\":\"SearchAction\",\"target\":{\"@type\":\"EntryPoint\",\"urlTemplate\":\"https:\/\/workerbase.com\/de\/?s={search_term_string}\"},\"query-input\":{\"@type\":\"PropertyValueSpecification\",\"valueRequired\":true,\"valueName\":\"search_term_string\"}}],\"inLanguage\":\"de-DE\"},{\"@type\":\"Organization\",\"@id\":\"https:\/\/workerbase.com\/de\/#organization\",\"name\":\"Workerbase\",\"url\":\"https:\/\/workerbase.com\/de\/\",\"logo\":{\"@type\":\"ImageObject\",\"inLanguage\":\"de-DE\",\"@id\":\"https:\/\/workerbase.com\/de\/#\/schema\/logo\/image\/\",\"url\":\"https:\/\/workerbase.com\/wp-content\/uploads\/2023\/12\/logo-icon-black-square.png\",\"contentUrl\":\"https:\/\/workerbase.com\/wp-content\/uploads\/2023\/12\/logo-icon-black-square.png\",\"width\":100,\"height\":100,\"caption\":\"Workerbase\"},\"image\":{\"@id\":\"https:\/\/workerbase.com\/de\/#\/schema\/logo\/image\/\"}}]}<\/script>","yoast_head_json":{"title":"Thyssenkrupp Case Study Herunterladen - Workerbase","description":"Erfahren Sie in der thyssenkrupp Fallstudie, wie Workerbase operative Exzellenz digitale Transformation vorantreibt.","robots":{"index":"index","follow":"follow","max-snippet":"max-snippet:-1","max-image-preview":"max-image-preview:large","max-video-preview":"max-video-preview:-1"},"canonical":"https:\/\/workerbase.com\/de\/thyssenkrupp-casestudy-herunterladen\/","og_locale":"de_DE","og_type":"article","og_title":"Thyssenkrupp Case Study Herunterladen","og_description":"Erfahren Sie in der thyssenkrupp Fallstudie, wie Workerbase operative Exzellenz digitale Transformation vorantreibt.","og_url":"https:\/\/workerbase.com\/de\/thyssenkrupp-casestudy-herunterladen\/","og_site_name":"Workerbase","article_modified_time":"2025-07-09T18:25:48+00:00","twitter_card":"summary_large_image","schema":{"@context":"https:\/\/schema.org","@graph":[{"@type":"WebPage","@id":"https:\/\/workerbase.com\/de\/thyssenkrupp-casestudy-herunterladen\/","url":"https:\/\/workerbase.com\/de\/thyssenkrupp-casestudy-herunterladen\/","name":"Thyssenkrupp Case Study Herunterladen - Workerbase","isPartOf":{"@id":"https:\/\/workerbase.com\/de\/#website"},"datePublished":"2024-10-08T09:35:20+00:00","dateModified":"2025-07-09T18:25:48+00:00","description":"Erfahren Sie in der thyssenkrupp Fallstudie, wie Workerbase operative Exzellenz digitale Transformation vorantreibt.","breadcrumb":{"@id":"https:\/\/workerbase.com\/de\/thyssenkrupp-casestudy-herunterladen\/#breadcrumb"},"inLanguage":"de-DE","potentialAction":[{"@type":"ReadAction","target":["https:\/\/workerbase.com\/de\/thyssenkrupp-casestudy-herunterladen\/"]}]},{"@type":"BreadcrumbList","@id":"https:\/\/workerbase.com\/de\/thyssenkrupp-casestudy-herunterladen\/#breadcrumb","itemListElement":[{"@type":"ListItem","position":1,"name":"Home","item":"https:\/\/workerbase.com\/de\/"},{"@type":"ListItem","position":2,"name":"Thyssenkrupp Case Study Herunterladen"}]},{"@type":"WebSite","@id":"https:\/\/workerbase.com\/de\/#website","url":"https:\/\/workerbase.com\/de\/","name":"Workerbase","description":"Make work flow","publisher":{"@id":"https:\/\/workerbase.com\/de\/#organization"},"potentialAction":[{"@type":"SearchAction","target":{"@type":"EntryPoint","urlTemplate":"https:\/\/workerbase.com\/de\/?s={search_term_string}"},"query-input":{"@type":"PropertyValueSpecification","valueRequired":true,"valueName":"search_term_string"}}],"inLanguage":"de-DE"},{"@type":"Organization","@id":"https:\/\/workerbase.com\/de\/#organization","name":"Workerbase","url":"https:\/\/workerbase.com\/de\/","logo":{"@type":"ImageObject","inLanguage":"de-DE","@id":"https:\/\/workerbase.com\/de\/#\/schema\/logo\/image\/","url":"https:\/\/workerbase.com\/wp-content\/uploads\/2023\/12\/logo-icon-black-square.png","contentUrl":"https:\/\/workerbase.com\/wp-content\/uploads\/2023\/12\/logo-icon-black-square.png","width":100,"height":100,"caption":"Workerbase"},"image":{"@id":"https:\/\/workerbase.com\/de\/#\/schema\/logo\/image\/"}}]}},"_links":{"self":[{"href":"https:\/\/workerbase.com\/de\/wp-json\/wp\/v2\/pages\/6176","targetHints":{"allow":["GET"]}}],"collection":[{"href":"https:\/\/workerbase.com\/de\/wp-json\/wp\/v2\/pages"}],"about":[{"href":"https:\/\/workerbase.com\/de\/wp-json\/wp\/v2\/types\/page"}],"author":[{"embeddable":true,"href":"https:\/\/workerbase.com\/de\/wp-json\/wp\/v2\/users\/12"}],"replies":[{"embeddable":true,"href":"https:\/\/workerbase.com\/de\/wp-json\/wp\/v2\/comments?post=6176"}],"version-history":[{"count":0,"href":"https:\/\/workerbase.com\/de\/wp-json\/wp\/v2\/pages\/6176\/revisions"}],"wp:attachment":[{"href":"https:\/\/workerbase.com\/de\/wp-json\/wp\/v2\/media?parent=6176"}],"wp:term":[{"taxonomy":"page_categories","embeddable":true,"href":"https:\/\/workerbase.com\/de\/wp-json\/wp\/v2\/page_categories?post=6176"}],"curies":[{"name":"wp","href":"https:\/\/api.w.org\/{rel}","templated":true}]}}